{"id":22,"date":"2022-05-09T14:39:10","date_gmt":"2022-05-09T12:39:10","guid":{"rendered":"http:\/\/progresklima.cz\/?page_id=22"},"modified":"2023-07-12T15:26:22","modified_gmt":"2023-07-12T13:26:22","slug":"sluzby","status":"publish","type":"page","link":"https:\/\/www.progresklima.cz\/?page_id=22","title":{"rendered":"Slu\u017eby"},"content":{"rendered":"<div class=\"fusion-fullwidth fullwidth-box fusion-builder-row-1 fusion-flex-container gradL nonhundred-percent-fullwidth non-hundred-percent-height-scrolling\" style=\"--awb-border-radius-top-left:0px;--awb-border-radius-top-right:0px;--awb-border-radius-bottom-right:0px;--awb-border-radius-bottom-left:0px;--awb-padding-top:5rem;--awb-padding-bottom:3.75rem;--awb-min-height:25rem;--awb-flex-wrap:wrap;\" id=\"sluzby\" ><div class=\"fusion-builder-row fusion-row fusion-flex-align-items-flex-start fusion-flex-justify-content-flex-end fusion-flex-content-wrap\" style=\"max-width:1352px;margin-left: calc(-4% \/ 2 );margin-right: calc(-4% \/ 2 );\"><div class=\"fusion-layout-column fusion_builder_column fusion-builder-column-0 fusion_builder_column_1_3 1_3 fusion-flex-column fusion-column-inner-bg-wrapper fusion-animated\" style=\"--awb-inner-bg-size:cover;--awb-width-large:33.3333333333%;--awb-margin-top-large:0px;--awb-spacing-right-large:0.5rem;--awb-margin-bottom-large:1rem;--awb-spacing-left-large:0.5rem;--awb-width-medium:50%;--awb-order-medium:0;--awb-spacing-right-medium:0.5rem;--awb-spacing-left-medium:0.5rem;--awb-width-small:100%;--awb-order-small:0;--awb-spacing-right-small:1.92%;--awb-spacing-left-small:1.92%;\" data-animationType=\"fadeIn\" data-animationDuration=\"0.3\" data-animationOffset=\"top-into-view\"><span class=\"fusion-column-inner-bg hover-type-none\"><a class=\"fusion-column-anchor\" href=\"\/sluzby\/vzduchotechnika\/\"><span class=\"fusion-column-inner-bg-image\"><\/span><\/a><\/span><div class=\"fusion-column-wrapper fusion-column-has-shadow fusion-flex-justify-content-flex-end fusion-content-layout-column\"><div class=\"fusion-lottie fusion-lottie-1\" data-id=\"1\"><div class=\"fusion-lottie-animation\" data-path=\"\/wp-content\/uploads\/2023\/01\/s3y8oUbwe6.json\" data-loop=\"0\" data-reverse=\"0\" data-speed=\"1\" data-trigger=\"viewport\" data-animationoffset=\"top-into-view\"><lottie-player speed=\"1\"><\/lottie-player><\/div><\/div><div class=\"fusion-lottie fusion-lottie-2\" data-id=\"2\"><div class=\"fusion-lottie-animation\" data-path=\"\/wp-content\/uploads\/2023\/01\/s3y8oUbwe6.json\" data-loop=\"1\" data-reverse=\"0\" data-speed=\"1\" data-trigger=\"viewport\" data-animationoffset=\"top-into-view\"><lottie-player loop=\"1\" speed=\"1\"><\/lottie-player><\/div><\/div><div class=\"fusion-title title fusion-title-1 fusion-sep-none fusion-title-center fusion-title-text fusion-title-size-two\"><h2 class=\"fusion-title-heading title-heading-center\" style=\"margin:0;\">Vzduchotechnika<\/h2><\/div><div style=\"text-align:center;\"><a class=\"fusion-button button-flat fusion-button-default-size button-default fusion-button-default button-1 fusion-button-default-span fusion-button-default-type\" target=\"_self\" href=\"\/sluzby\/vzduchotechnika\/\"><span class=\"fusion-button-text\">Zjistit v\u00edce<\/span><\/a><\/div><\/div><\/div><div class=\"fusion-layout-column fusion_builder_column fusion-builder-column-1 fusion_builder_column_1_3 1_3 fusion-flex-column fusion-column-inner-bg-wrapper fusion-animated\" style=\"--awb-inner-bg-size:cover;--awb-width-large:33.3333333333%;--awb-margin-top-large:0px;--awb-spacing-right-large:0.5rem;--awb-margin-bottom-large:1rem;--awb-spacing-left-large:0.5rem;--awb-width-medium:50%;--awb-order-medium:0;--awb-spacing-right-medium:0.5rem;--awb-spacing-left-medium:0.5rem;--awb-width-small:100%;--awb-order-small:0;--awb-spacing-right-small:1.92%;--awb-spacing-left-small:1.92%;\" data-animationType=\"fadeIn\" data-animationDuration=\"0.2\" data-animationOffset=\"top-into-view\"><span class=\"fusion-column-inner-bg hover-type-none\"><a class=\"fusion-column-anchor\" href=\"\/sluzby\/klimatizace\/\"><span class=\"fusion-column-inner-bg-image\"><\/span><\/a><\/span><div class=\"fusion-column-wrapper fusion-column-has-shadow fusion-flex-justify-content-flex-end fusion-content-layout-column\"><div class=\"fusion-lottie fusion-lottie-3\" data-id=\"3\"><div class=\"fusion-lottie-animation\" data-path=\"\/wp-content\/uploads\/2023\/01\/uvilli1ILS.json\" data-loop=\"0\" data-reverse=\"0\" data-speed=\"1\" data-trigger=\"viewport\" data-animationoffset=\"top-into-view\"><lottie-player speed=\"1\"><\/lottie-player><\/div><\/div><div class=\"fusion-lottie fusion-lottie-4\" data-id=\"4\"><div class=\"fusion-lottie-animation\" data-path=\"\/wp-content\/uploads\/2023\/01\/uvilli1ILS.json\" data-loop=\"1\" data-reverse=\"0\" data-speed=\"1\" data-trigger=\"none\"><lottie-player loop=\"1\" speed=\"1\"><\/lottie-player><\/div><\/div><div class=\"fusion-title title fusion-title-2 fusion-sep-none fusion-title-center fusion-title-text fusion-title-size-two\"><h2 class=\"fusion-title-heading title-heading-center\" style=\"margin:0;\">Klimatizace<\/h2><\/div><div style=\"text-align:center;\"><a class=\"fusion-button button-flat fusion-button-default-size button-default fusion-button-default button-2 fusion-button-default-span fusion-button-default-type\" target=\"_self\" href=\"\/sluzby\/klimatizace\/\"><span class=\"fusion-button-text\">Zjistit v\u00edce<\/span><\/a><\/div><\/div><\/div><div class=\"fusion-layout-column fusion_builder_column fusion-builder-column-2 fusion_builder_column_1_3 1_3 fusion-flex-column fusion-column-inner-bg-wrapper fusion-animated\" style=\"--awb-inner-bg-size:cover;--awb-width-large:33.3333333333%;--awb-margin-top-large:0px;--awb-spacing-right-large:0.5rem;--awb-margin-bottom-large:1rem;--awb-spacing-left-large:0.5rem;--awb-width-medium:50%;--awb-order-medium:0;--awb-spacing-right-medium:0.5rem;--awb-spacing-left-medium:0.5rem;--awb-width-small:100%;--awb-order-small:0;--awb-spacing-right-small:1.92%;--awb-spacing-left-small:1.92%;\" data-animationType=\"fadeIn\" data-animationDuration=\"0.5\" data-animationOffset=\"top-into-view\"><span class=\"fusion-column-inner-bg hover-type-none\"><a class=\"fusion-column-anchor\" href=\"\/sluzby\/servis\/\"><span class=\"fusion-column-inner-bg-image\"><\/span><\/a><\/span><div class=\"fusion-column-wrapper fusion-column-has-shadow fusion-flex-justify-content-flex-end fusion-content-layout-column\"><div class=\"fusion-lottie fusion-lottie-5\" data-id=\"5\"><div class=\"fusion-lottie-animation\" data-path=\"\/wp-content\/uploads\/2023\/01\/BufanNLW3V.json\" data-loop=\"0\" data-reverse=\"0\" data-speed=\"1\" data-trigger=\"viewport\" data-animationoffset=\"top-into-view\"><lottie-player speed=\"1\"><\/lottie-player><\/div><\/div><div class=\"fusion-lottie fusion-lottie-6\" data-id=\"6\"><div class=\"fusion-lottie-animation\" data-path=\"\/wp-content\/uploads\/2023\/01\/BufanNLW3V.json\" data-loop=\"1\" data-reverse=\"0\" data-speed=\"1\" data-trigger=\"viewport\" data-animationoffset=\"top-into-view\"><lottie-player loop=\"1\" speed=\"1\"><\/lottie-player><\/div><\/div><div class=\"fusion-title title fusion-title-3 fusion-sep-none fusion-title-center fusion-title-text fusion-title-size-two\"><h2 class=\"fusion-title-heading title-heading-center\" style=\"margin:0;\">Servis<\/h2><\/div><div style=\"text-align:center;\"><a class=\"fusion-button button-flat fusion-button-default-size button-default fusion-button-default button-3 fusion-button-default-span fusion-button-default-type\" target=\"_self\" href=\"\/sluzby\/servis\/\"><span class=\"fusion-button-text\">Zjistit v\u00edce<\/span><\/a><\/div><\/div><\/div><div class=\"fusion-layout-column fusion_builder_column fusion-builder-column-3 fusion_builder_column_1_1 1_1 fusion-flex-column fusion-flex-align-self-stretch fusion-column-inner-bg-wrapper fusion-animated\" style=\"--awb-inner-bg-size:cover;--awb-width-large:100%;--awb-margin-top-large:0px;--awb-spacing-right-large:0.5rem;--awb-margin-bottom-large:1rem;--awb-spacing-left-large:0.5rem;--awb-width-medium:50%;--awb-order-medium:0;--awb-spacing-right-medium:0.5rem;--awb-spacing-left-medium:0.5rem;--awb-width-small:100%;--awb-order-small:0;--awb-spacing-right-small:1.92%;--awb-spacing-left-small:1.92%;\" data-animationType=\"fadeIn\" data-animationDuration=\"0.5\" data-animationOffset=\"top-into-view\" id=\"ctaBox\"><span class=\"fusion-column-inner-bg hover-type-none\"><a class=\"fusion-column-anchor\" href=\"http:\/\/progresklima.cz\/kontakty\/\"><span class=\"fusion-column-inner-bg-image\"><\/span><\/a><\/span><div class=\"fusion-column-wrapper fusion-column-has-shadow fusion-flex-justify-content-center fusion-content-layout-column\"><div class=\"fusion-title title fusion-title-4 fusion-sep-none fusion-title-center fusion-title-text fusion-title-size-three\" style=\"--awb-text-color:#ffffff;--awb-font-size:2em;\"><h3 class=\"fusion-title-heading title-heading-center\" style=\"margin:0;font-size:1em;\">M\u00e1te z\u00e1jem o&nbsp;na\u0161e slu\u017eby?<\/h3><\/div><div style=\"text-align:center;\"><a class=\"fusion-button button-flat fusion-button-default-size button-custom fusion-button-default button-4 fusion-button-default-span fusion-button-default-type\" style=\"--button_accent_color:#ffffff;--button_border_color:#ffffff;--button_accent_hover_color:#ffffff;--button_border_hover_color:#ffffff;--button_border_width-top:2px;--button_border_width-right:2px;--button_border_width-bottom:2px;--button_border_width-left:2px;--button_gradient_top_color:var(--awb-color1);--button_gradient_bottom_color:var(--awb-color1);--button_gradient_top_color_hover:#ffffff;--button_gradient_bottom_color_hover:#ffffff;--button_padding-top:0px;--button_padding-right:0px;--button_padding-bottom:0px;--button_padding-left:0px;\" target=\"_self\" href=\"\/kontakt\/\"><span class=\"fusion-button-text\">Kontaktujte n\u00e1s<\/span><i class=\"fa-long-arrow-alt-right fas button-icon-right\" aria-hidden=\"true\"><\/i><\/a><\/div><\/div><\/div><\/div><\/div>\n","protected":false},"excerpt":{"rendered":"","protected":false},"author":1,"featured_media":0,"parent":0,"menu_order":0,"comment_status":"closed","ping_status":"closed","template":"100-width.php","meta":{"_acf_changed":false,"footnotes":""},"class_list":["post-22","page","type-page","status-publish","hentry"],"acf":[],"yoast_head":"<!-- This site is optimized with the Yoast SEO plugin v26.3 - https:\/\/yoast.com\/wordpress\/plugins\/seo\/ -->\n<title>Slu\u017eby - Progresklima CZ s.r.o.<\/title>\n<meta name=\"robots\" content=\"index, follow, max-snippet:-1, max-image-preview:large, max-video-preview:-1\" \/>\n<link rel=\"canonical\" href=\"http:\/\/www.progresklima.cz\/?page_id=22\" \/>\n<meta property=\"og:locale\" content=\"cs_CZ\" \/>\n<meta property=\"og:type\" content=\"article\" \/>\n<meta property=\"og:title\" content=\"Slu\u017eby - Progresklima CZ s.r.o.\" \/>\n<meta property=\"og:url\" content=\"http:\/\/www.progresklima.cz\/?page_id=22\" \/>\n<meta property=\"og:site_name\" content=\"Progresklima CZ s.r.o.\" \/>\n<meta property=\"article:modified_time\" content=\"2023-07-12T13:26:22+00:00\" \/>\n<meta name=\"twitter:card\" content=\"summary_large_image\" \/>\n<meta name=\"twitter:label1\" content=\"Odhadovan\u00e1 doba \u010dten\u00ed\" \/>\n\t<meta name=\"twitter:data1\" content=\"7 minut\" \/>\n<script type=\"application\/ld+json\" class=\"yoast-schema-graph\">{\"@context\":\"https:\/\/schema.org\",\"@graph\":[{\"@type\":\"WebPage\",\"@id\":\"http:\/\/www.progresklima.cz\/?page_id=22\",\"url\":\"http:\/\/www.progresklima.cz\/?page_id=22\",\"name\":\"Slu\u017eby - Progresklima CZ s.r.o.\",\"isPartOf\":{\"@id\":\"http:\/\/www.progresklima.cz\/#website\"},\"datePublished\":\"2022-05-09T12:39:10+00:00\",\"dateModified\":\"2023-07-12T13:26:22+00:00\",\"breadcrumb\":{\"@id\":\"http:\/\/www.progresklima.cz\/?page_id=22#breadcrumb\"},\"inLanguage\":\"cs\",\"potentialAction\":[{\"@type\":\"ReadAction\",\"target\":[\"http:\/\/www.progresklima.cz\/?page_id=22\"]}]},{\"@type\":\"BreadcrumbList\",\"@id\":\"http:\/\/www.progresklima.cz\/?page_id=22#breadcrumb\",\"itemListElement\":[{\"@type\":\"ListItem\",\"position\":1,\"name\":\"Home\",\"item\":\"http:\/\/www.progresklima.cz\/\"},{\"@type\":\"ListItem\",\"position\":2,\"name\":\"Slu\u017eby\"}]},{\"@type\":\"WebSite\",\"@id\":\"http:\/\/www.progresklima.cz\/#website\",\"url\":\"http:\/\/www.progresklima.cz\/\",\"name\":\"Progresklima CZ s.r.o.\",\"description\":\"Komplexn\u00ed slu\u017eby v oblasti vzduchotechniky a klimatizace. D\u00e1le se zam\u011b\u0159ujeme na tepeln\u00e1 \u010derpadla, servis, m\u011b\u0159en\u00ed a regulace ...\",\"potentialAction\":[{\"@type\":\"SearchAction\",\"target\":{\"@type\":\"EntryPoint\",\"urlTemplate\":\"http:\/\/www.progresklima.cz\/?s={search_term_string}\"},\"query-input\":{\"@type\":\"PropertyValueSpecification\",\"valueRequired\":true,\"valueName\":\"search_term_string\"}}],\"inLanguage\":\"cs\"}]}<\/script>\n<!-- \/ Yoast SEO plugin. -->","yoast_head_json":{"title":"Slu\u017eby - Progresklima CZ s.r.o.","robots":{"index":"index","follow":"follow","max-snippet":"max-snippet:-1","max-image-preview":"max-image-preview:large","max-video-preview":"max-video-preview:-1"},"canonical":"http:\/\/www.progresklima.cz\/?page_id=22","og_locale":"cs_CZ","og_type":"article","og_title":"Slu\u017eby - Progresklima CZ s.r.o.","og_url":"http:\/\/www.progresklima.cz\/?page_id=22","og_site_name":"Progresklima CZ s.r.o.","article_modified_time":"2023-07-12T13:26:22+00:00","twitter_card":"summary_large_image","twitter_misc":{"Odhadovan\u00e1 doba \u010dten\u00ed":"7 minut"},"schema":{"@context":"https:\/\/schema.org","@graph":[{"@type":"WebPage","@id":"http:\/\/www.progresklima.cz\/?page_id=22","url":"http:\/\/www.progresklima.cz\/?page_id=22","name":"Slu\u017eby - Progresklima CZ s.r.o.","isPartOf":{"@id":"http:\/\/www.progresklima.cz\/#website"},"datePublished":"2022-05-09T12:39:10+00:00","dateModified":"2023-07-12T13:26:22+00:00","breadcrumb":{"@id":"http:\/\/www.progresklima.cz\/?page_id=22#breadcrumb"},"inLanguage":"cs","potentialAction":[{"@type":"ReadAction","target":["http:\/\/www.progresklima.cz\/?page_id=22"]}]},{"@type":"BreadcrumbList","@id":"http:\/\/www.progresklima.cz\/?page_id=22#breadcrumb","itemListElement":[{"@type":"ListItem","position":1,"name":"Home","item":"http:\/\/www.progresklima.cz\/"},{"@type":"ListItem","position":2,"name":"Slu\u017eby"}]},{"@type":"WebSite","@id":"http:\/\/www.progresklima.cz\/#website","url":"http:\/\/www.progresklima.cz\/","name":"Progresklima CZ s.r.o.","description":"Komplexn\u00ed slu\u017eby v oblasti vzduchotechniky a klimatizace. D\u00e1le se zam\u011b\u0159ujeme na tepeln\u00e1 \u010derpadla, servis, m\u011b\u0159en\u00ed a regulace ...","potentialAction":[{"@type":"SearchAction","target":{"@type":"EntryPoint","urlTemplate":"http:\/\/www.progresklima.cz\/?s={search_term_string}"},"query-input":{"@type":"PropertyValueSpecification","valueRequired":true,"valueName":"search_term_string"}}],"inLanguage":"cs"}]}},"_links":{"self":[{"href":"https:\/\/www.progresklima.cz\/index.php?rest_route=\/wp\/v2\/pages\/22","targetHints":{"allow":["GET"]}}],"collection":[{"href":"https:\/\/www.progresklima.cz\/index.php?rest_route=\/wp\/v2\/pages"}],"about":[{"href":"https:\/\/www.progresklima.cz\/index.php?rest_route=\/wp\/v2\/types\/page"}],"author":[{"embeddable":true,"href":"https:\/\/www.progresklima.cz\/index.php?rest_route=\/wp\/v2\/users\/1"}],"replies":[{"embeddable":true,"href":"https:\/\/www.progresklima.cz\/index.php?rest_route=%2Fwp%2Fv2%2Fcomments&post=22"}],"version-history":[{"count":15,"href":"https:\/\/www.progresklima.cz\/index.php?rest_route=\/wp\/v2\/pages\/22\/revisions"}],"predecessor-version":[{"id":566,"href":"https:\/\/www.progresklima.cz\/index.php?rest_route=\/wp\/v2\/pages\/22\/revisions\/566"}],"wp:attachment":[{"href":"https:\/\/www.progresklima.cz\/index.php?rest_route=%2Fwp%2Fv2%2Fmedia&parent=22"}],"curies":[{"name":"wp","href":"https:\/\/api.w.org\/{rel}","templated":true}]}}