{"id":24,"date":"2022-05-09T14:39:18","date_gmt":"2022-05-09T12:39:18","guid":{"rendered":"http:\/\/progresklima.cz\/?page_id=24"},"modified":"2023-07-12T15:23:23","modified_gmt":"2023-07-12T13:23:23","slug":"o-nas","status":"publish","type":"page","link":"https:\/\/www.progresklima.cz\/?page_id=24","title":{"rendered":"O n\u00e1s"},"content":{"rendered":"<div class=\"fusion-fullwidth fullwidth-box fusion-builder-row-1 fusion-flex-container nonhundred-percent-fullwidth non-hundred-percent-height-scrolling\" style=\"--awb-border-radius-top-left:0px;--awb-border-radius-top-right:0px;--awb-border-radius-bottom-right:0px;--awb-border-radius-bottom-left:0px;--awb-padding-top:5rem;--awb-padding-bottom:3.75rem;--awb-flex-wrap:wrap;\" id=\"o-nas\" ><div class=\"fusion-builder-row fusion-row fusion-flex-align-items-center fusion-flex-justify-content-center fusion-flex-content-wrap\" style=\"max-width:1352px;margin-left: calc(-4% \/ 2 );margin-right: calc(-4% \/ 2 );\"><div class=\"fusion-layout-column fusion_builder_column fusion-builder-column-0 fusion_builder_column_1_2 1_2 fusion-flex-column fusion-flex-align-self-stretch fusion-animated\" style=\"--awb-bg-size:cover;--awb-width-large:50%;--awb-margin-top-large:0px;--awb-spacing-right-large:3.84%;--awb-margin-bottom-large:20px;--awb-spacing-left-large:3.84%;--awb-width-medium:100%;--awb-order-medium:0;--awb-spacing-right-medium:1.92%;--awb-spacing-left-medium:1.92%;--awb-width-small:100%;--awb-order-small:0;--awb-spacing-right-small:1.92%;--awb-spacing-left-small:1.92%;\" data-animationType=\"fadeInLeft\" data-animationDuration=\"0.6\" data-animationOffset=\"top-into-view\"><div class=\"fusion-column-wrapper fusion-column-has-shadow fusion-flex-justify-content-center fusion-content-layout-column\"><div class=\"fusion-title title fusion-title-1 fusion-sep-none fusion-title-text fusion-title-size-two\"><h2 class=\"fusion-title-heading title-heading-left\" style=\"margin:0;\">O spole\u010dnosti<\/h2><\/div><div class=\"fusion-text fusion-text-1\" style=\"--awb-text-transform:none;\"><p><strong>O FIRM\u011a<\/strong><br \/>\nSpole\u010dnost Progresklima CZ s.r.o. je zaps\u00e1na v&nbsp;obchodn\u00edm rejst\u0159\u00edku Ministerstva spravednosti \u010cesk\u00e9 republiky 1994 u&nbsp;Krajsk\u00e9ho soudu v&nbsp;Brn\u011b pod spisovou zna\u010dkou C 15296.<\/p>\n<p><strong>HISTORIE<\/strong><br \/>\nProgresklima CZ s.r.o. vznikla v&nbsp;roce 1994, kdy jako jedna z&nbsp;prvn\u00edch soukrom\u00fdch spole\u010dnost\u00ed za\u010dala nab\u00edzet komplexn\u00ed slu\u017eby v&nbsp;oblasti vzduchotechniky a&nbsp;klimatizace. Za dobu sv\u00e9 existence se spole\u010dnost podstatn\u011b rozrostla a&nbsp;v&nbsp;sou\u010dasnosti pat\u0159\u00ed mezi nejv\u011bt\u0161\u00ed a&nbsp;nejvyhled\u00e1van\u011bj\u0161\u00ed firmy v&nbsp;oboru.<\/p>\n<p><strong>CERTIFIK\u00c1T ISO<\/strong><br \/>\nNa\u0161e spole\u010dnost je dr\u017eitelem certifik\u00e1t\u016f ISO 9001:2009 a&nbsp;ISO 14001:2005.<\/p>\n<\/div><div ><a class=\"fusion-button button-flat fusion-button-default-size button-default fusion-button-default button-1 fusion-button-default-span fusion-button-default-type\" target=\"_self\" href=\"\/kontakty\/\"><span class=\"fusion-button-text\">Kontaktujte n\u00e1s<\/span><\/a><\/div><\/div><\/div><div class=\"fusion-layout-column fusion_builder_column fusion-builder-column-1 fusion_builder_column_1_2 1_2 fusion-flex-column fusion-flex-align-self-stretch about-col-r\" style=\"--awb-bg-size:cover;--awb-width-large:50%;--awb-margin-top-large:0px;--awb-spacing-right-large:3.84%;--awb-margin-bottom-large:20px;--awb-spacing-left-large:3.84%;--awb-width-medium:66.6666666667%;--awb-order-medium:2;--awb-spacing-right-medium:2.88%;--awb-spacing-left-medium:2.88%;--awb-width-small:100%;--awb-order-small:2;--awb-spacing-right-small:1.92%;--awb-spacing-left-small:1.92%;\"><div class=\"fusion-column-wrapper fusion-column-has-shadow fusion-flex-justify-content-flex-end fusion-content-layout-column\"><div class=\"fusion-image-element \" style=\"--awb-caption-title-font-family:var(--h2_typography-font-family);--awb-caption-title-font-weight:var(--h2_typography-font-weight);--awb-caption-title-font-style:var(--h2_typography-font-style);--awb-caption-title-size:var(--h2_typography-font-size);--awb-caption-title-transform:var(--h2_typography-text-transform);--awb-caption-title-line-height:var(--h2_typography-line-height);--awb-caption-title-letter-spacing:var(--h2_typography-letter-spacing);\"><span class=\" fusion-imageframe imageframe-none imageframe-1 hover-type-none\"><img decoding=\"async\" width=\"1400\" height=\"1300\" alt=\"Klimatizace\" title=\"o SPOLE\u010cNOSTI fade 1400 &#8211; comp\" src=\"https:\/\/www.progresklima.cz\/wp-content\/uploads\/2023\/07\/o-SPOLECNOSTI-fade-1400-comp.png\" data-orig-src=\"http:\/\/progresklima.cz\/wp-content\/uploads\/2023\/07\/o-SPOLECNOSTI-fade-1400-comp.png\" class=\"lazyload img-responsive wp-image-552\" srcset=\"data:image\/svg+xml,%3Csvg%20xmlns%3D%27http%3A%2F%2Fwww.w3.org%2F2000%2Fsvg%27%20width%3D%271400%27%20height%3D%271300%27%20viewBox%3D%270%200%201400%201300%27%3E%3Crect%20width%3D%271400%27%20height%3D%271300%27%20fill-opacity%3D%220%22%2F%3E%3C%2Fsvg%3E\" data-srcset=\"https:\/\/www.progresklima.cz\/wp-content\/uploads\/2023\/07\/o-SPOLECNOSTI-fade-1400-comp-200x186.png 200w, https:\/\/www.progresklima.cz\/wp-content\/uploads\/2023\/07\/o-SPOLECNOSTI-fade-1400-comp-400x371.png 400w, https:\/\/www.progresklima.cz\/wp-content\/uploads\/2023\/07\/o-SPOLECNOSTI-fade-1400-comp-600x557.png 600w, https:\/\/www.progresklima.cz\/wp-content\/uploads\/2023\/07\/o-SPOLECNOSTI-fade-1400-comp-800x743.png 800w, https:\/\/www.progresklima.cz\/wp-content\/uploads\/2023\/07\/o-SPOLECNOSTI-fade-1400-comp-1200x1114.png 1200w, https:\/\/www.progresklima.cz\/wp-content\/uploads\/2023\/07\/o-SPOLECNOSTI-fade-1400-comp.png 1400w\" data-sizes=\"auto\" data-orig-sizes=\"(max-width: 640px) 100vw, 800px\" \/><\/span><\/div><\/div><\/div><\/div><\/div>\n","protected":false},"excerpt":{"rendered":"","protected":false},"author":1,"featured_media":0,"parent":0,"menu_order":0,"comment_status":"closed","ping_status":"closed","template":"100-width.php","meta":{"_acf_changed":false,"footnotes":""},"class_list":["post-24","page","type-page","status-publish","hentry"],"acf":[],"yoast_head":"<!-- This site is optimized with the Yoast SEO plugin v26.3 - https:\/\/yoast.com\/wordpress\/plugins\/seo\/ -->\n<title>O n\u00e1s - Progresklima CZ s.r.o.<\/title>\n<meta name=\"robots\" content=\"index, follow, max-snippet:-1, max-image-preview:large, max-video-preview:-1\" \/>\n<link rel=\"canonical\" href=\"http:\/\/www.progresklima.cz\/?page_id=24\" \/>\n<meta property=\"og:locale\" content=\"cs_CZ\" \/>\n<meta property=\"og:type\" content=\"article\" \/>\n<meta property=\"og:title\" content=\"O n\u00e1s - Progresklima CZ s.r.o.\" \/>\n<meta property=\"og:url\" content=\"http:\/\/www.progresklima.cz\/?page_id=24\" \/>\n<meta property=\"og:site_name\" content=\"Progresklima CZ s.r.o.\" \/>\n<meta property=\"article:modified_time\" content=\"2023-07-12T13:23:23+00:00\" \/>\n<meta name=\"twitter:card\" content=\"summary_large_image\" \/>\n<meta name=\"twitter:label1\" content=\"Odhadovan\u00e1 doba \u010dten\u00ed\" \/>\n\t<meta name=\"twitter:data1\" content=\"4 minuty\" \/>\n<script type=\"application\/ld+json\" class=\"yoast-schema-graph\">{\"@context\":\"https:\/\/schema.org\",\"@graph\":[{\"@type\":\"WebPage\",\"@id\":\"http:\/\/www.progresklima.cz\/?page_id=24\",\"url\":\"http:\/\/www.progresklima.cz\/?page_id=24\",\"name\":\"O n\u00e1s - Progresklima CZ s.r.o.\",\"isPartOf\":{\"@id\":\"http:\/\/www.progresklima.cz\/#website\"},\"datePublished\":\"2022-05-09T12:39:18+00:00\",\"dateModified\":\"2023-07-12T13:23:23+00:00\",\"breadcrumb\":{\"@id\":\"http:\/\/www.progresklima.cz\/?page_id=24#breadcrumb\"},\"inLanguage\":\"cs\",\"potentialAction\":[{\"@type\":\"ReadAction\",\"target\":[\"http:\/\/www.progresklima.cz\/?page_id=24\"]}]},{\"@type\":\"BreadcrumbList\",\"@id\":\"http:\/\/www.progresklima.cz\/?page_id=24#breadcrumb\",\"itemListElement\":[{\"@type\":\"ListItem\",\"position\":1,\"name\":\"Home\",\"item\":\"http:\/\/www.progresklima.cz\/\"},{\"@type\":\"ListItem\",\"position\":2,\"name\":\"O n\u00e1s\"}]},{\"@type\":\"WebSite\",\"@id\":\"http:\/\/www.progresklima.cz\/#website\",\"url\":\"http:\/\/www.progresklima.cz\/\",\"name\":\"Progresklima CZ s.r.o.\",\"description\":\"Komplexn\u00ed slu\u017eby v oblasti vzduchotechniky a klimatizace. D\u00e1le se zam\u011b\u0159ujeme na tepeln\u00e1 \u010derpadla, servis, m\u011b\u0159en\u00ed a regulace ...\",\"potentialAction\":[{\"@type\":\"SearchAction\",\"target\":{\"@type\":\"EntryPoint\",\"urlTemplate\":\"http:\/\/www.progresklima.cz\/?s={search_term_string}\"},\"query-input\":{\"@type\":\"PropertyValueSpecification\",\"valueRequired\":true,\"valueName\":\"search_term_string\"}}],\"inLanguage\":\"cs\"}]}<\/script>\n<!-- \/ Yoast SEO plugin. -->","yoast_head_json":{"title":"O n\u00e1s - Progresklima CZ s.r.o.","robots":{"index":"index","follow":"follow","max-snippet":"max-snippet:-1","max-image-preview":"max-image-preview:large","max-video-preview":"max-video-preview:-1"},"canonical":"http:\/\/www.progresklima.cz\/?page_id=24","og_locale":"cs_CZ","og_type":"article","og_title":"O n\u00e1s - Progresklima CZ s.r.o.","og_url":"http:\/\/www.progresklima.cz\/?page_id=24","og_site_name":"Progresklima CZ s.r.o.","article_modified_time":"2023-07-12T13:23:23+00:00","twitter_card":"summary_large_image","twitter_misc":{"Odhadovan\u00e1 doba \u010dten\u00ed":"4 minuty"},"schema":{"@context":"https:\/\/schema.org","@graph":[{"@type":"WebPage","@id":"http:\/\/www.progresklima.cz\/?page_id=24","url":"http:\/\/www.progresklima.cz\/?page_id=24","name":"O n\u00e1s - Progresklima CZ s.r.o.","isPartOf":{"@id":"http:\/\/www.progresklima.cz\/#website"},"datePublished":"2022-05-09T12:39:18+00:00","dateModified":"2023-07-12T13:23:23+00:00","breadcrumb":{"@id":"http:\/\/www.progresklima.cz\/?page_id=24#breadcrumb"},"inLanguage":"cs","potentialAction":[{"@type":"ReadAction","target":["http:\/\/www.progresklima.cz\/?page_id=24"]}]},{"@type":"BreadcrumbList","@id":"http:\/\/www.progresklima.cz\/?page_id=24#breadcrumb","itemListElement":[{"@type":"ListItem","position":1,"name":"Home","item":"http:\/\/www.progresklima.cz\/"},{"@type":"ListItem","position":2,"name":"O n\u00e1s"}]},{"@type":"WebSite","@id":"http:\/\/www.progresklima.cz\/#website","url":"http:\/\/www.progresklima.cz\/","name":"Progresklima CZ s.r.o.","description":"Komplexn\u00ed slu\u017eby v oblasti vzduchotechniky a klimatizace. D\u00e1le se zam\u011b\u0159ujeme na tepeln\u00e1 \u010derpadla, servis, m\u011b\u0159en\u00ed a regulace ...","potentialAction":[{"@type":"SearchAction","target":{"@type":"EntryPoint","urlTemplate":"http:\/\/www.progresklima.cz\/?s={search_term_string}"},"query-input":{"@type":"PropertyValueSpecification","valueRequired":true,"valueName":"search_term_string"}}],"inLanguage":"cs"}]}},"_links":{"self":[{"href":"https:\/\/www.progresklima.cz\/index.php?rest_route=\/wp\/v2\/pages\/24","targetHints":{"allow":["GET"]}}],"collection":[{"href":"https:\/\/www.progresklima.cz\/index.php?rest_route=\/wp\/v2\/pages"}],"about":[{"href":"https:\/\/www.progresklima.cz\/index.php?rest_route=\/wp\/v2\/types\/page"}],"author":[{"embeddable":true,"href":"https:\/\/www.progresklima.cz\/index.php?rest_route=\/wp\/v2\/users\/1"}],"replies":[{"embeddable":true,"href":"https:\/\/www.progresklima.cz\/index.php?rest_route=%2Fwp%2Fv2%2Fcomments&post=24"}],"version-history":[{"count":13,"href":"https:\/\/www.progresklima.cz\/index.php?rest_route=\/wp\/v2\/pages\/24\/revisions"}],"predecessor-version":[{"id":565,"href":"https:\/\/www.progresklima.cz\/index.php?rest_route=\/wp\/v2\/pages\/24\/revisions\/565"}],"wp:attachment":[{"href":"https:\/\/www.progresklima.cz\/index.php?rest_route=%2Fwp%2Fv2%2Fmedia&parent=24"}],"curies":[{"name":"wp","href":"https:\/\/api.w.org\/{rel}","templated":true}]}}