{"id":28,"date":"2022-05-09T14:39:57","date_gmt":"2022-05-09T12:39:57","guid":{"rendered":"http:\/\/progresklima.cz\/?page_id=28"},"modified":"2023-08-10T12:16:42","modified_gmt":"2023-08-10T10:16:42","slug":"kariera","status":"publish","type":"page","link":"https:\/\/www.progresklima.cz\/?page_id=28","title":{"rendered":"Kari\u00e9ra"},"content":{"rendered":"<div class=\"fusion-fullwidth fullwidth-box fusion-builder-row-1 fusion-flex-container nonhundred-percent-fullwidth non-hundred-percent-height-scrolling\" style=\"--awb-border-radius-top-left:0px;--awb-border-radius-top-right:0px;--awb-border-radius-bottom-right:0px;--awb-border-radius-bottom-left:0px;--awb-padding-top:5rem;--awb-padding-bottom:3.75rem;--awb-flex-wrap:wrap;\" ><div class=\"fusion-builder-row fusion-row fusion-flex-align-items-stretch fusion-flex-content-wrap\" style=\"max-width:1352px;margin-left: calc(-4% \/ 2 );margin-right: calc(-4% \/ 2 );\"><div class=\"fusion-layout-column fusion_builder_column fusion-builder-column-0 fusion_builder_column_1_1 1_1 fusion-flex-column fusion-animated\" style=\"--awb-bg-size:cover;--awb-width-large:100%;--awb-margin-top-large:0px;--awb-spacing-right-large:1.92%;--awb-margin-bottom-large:20px;--awb-spacing-left-large:1.92%;--awb-width-medium:100%;--awb-order-medium:0;--awb-spacing-right-medium:1.92%;--awb-spacing-left-medium:1.92%;--awb-width-small:100%;--awb-order-small:0;--awb-spacing-right-small:1.92%;--awb-spacing-left-small:1.92%;\" data-animationType=\"fadeInLeft\" data-animationDuration=\"0.6\" data-animationOffset=\"top-into-view\"><div class=\"fusion-column-wrapper fusion-column-has-shadow fusion-flex-justify-content-flex-start fusion-content-layout-column\"><div class=\"fusion-text fusion-text-1 fusion-text-no-margin\" style=\"--awb-text-transform:uppercase;\"><p>Pozice<\/p>\n<\/div><div class=\"fusion-separator\" style=\"align-self: flex-start;margin-right:auto;margin-top:10px;margin-bottom:10px;width:100%;max-width:50px;\"><div class=\"fusion-separator-border sep-single sep-solid\" style=\"--awb-height:20px;--awb-amount:20px;--awb-sep-color:var(--awb-color1);border-color:var(--awb-color1);border-top-width:3px;\"><\/div><\/div><div class=\"fusion-title title fusion-title-1 fusion-sep-none fusion-title-text fusion-title-size-two\"><h2 class=\"fusion-title-heading title-heading-left\" style=\"margin:0;\">Servisn\u00ed technik vzduchotechniky a&nbsp;klimatizac\u00ed<\/h2><\/div><div class=\"accordian fusion-accordian custom-toggle-kariera\" style=\"--awb-border-size:1px;--awb-icon-size:16px;--awb-content-font-size:var(--awb-typography4-font-size);--awb-icon-alignment:left;--awb-hover-color:var(--awb-color2);--awb-border-color:var(--awb-color3);--awb-background-color:var(--awb-color1);--awb-divider-color:rgba(0,0,0,0.25);--awb-divider-hover-color:var(--awb-color3);--awb-icon-color:var(--awb-color2);--awb-title-color:var(--awb-color8);--awb-content-color:var(--awb-color8);--awb-icon-box-color:var(--awb-color1);--awb-toggle-hover-accent-color:var(--awb-color2);--awb-toggle-active-accent-color:var(--awb-color1);--awb-title-font-family:var(--awb-typography1-font-family);--awb-title-font-weight:var(--awb-typography1-font-weight);--awb-title-font-style:var(--awb-typography1-font-style);--awb-title-font-size:24px;--awb-content-font-family:var(--awb-typography4-font-family);--awb-content-font-weight:var(--awb-typography4-font-weight);--awb-content-font-style:var(--awb-typography4-font-style);\"><div class=\"panel-group fusion-toggle-icon-boxed\" id=\"accordion-28-1\"><div class=\"fusion-panel panel-default panel-c7b1b266269fb52ee fusion-toggle-no-divider\" style=\"--awb-content-font-size:var(--awb-typography4-font-size);--awb-content-font-family:var(--awb-typography4-font-family);--awb-content-font-weight:var(--awb-typography4-font-weight);--awb-content-font-style:var(--awb-typography4-font-style);--awb-title-font-family:var(--awb-typography2-font-family);--awb-title-font-weight:var(--awb-typography2-font-weight);--awb-title-font-style:var(--awb-typography2-font-style);--awb-title-font-size:var(--awb-typography2-font-size);\"><div class=\"panel-heading\"><h4 class=\"panel-title toggle\" id=\"toggle_c7b1b266269fb52ee\"><a aria-expanded=\"false\" aria-controls=\"c7b1b266269fb52ee\" role=\"button\" data-toggle=\"collapse\" data-target=\"#c7b1b266269fb52ee\" href=\"#c7b1b266269fb52ee\"><span class=\"fusion-toggle-icon-wrapper\" aria-hidden=\"true\"><i class=\"fa-fusion-box active-icon awb-icon-minus\" aria-hidden=\"true\"><\/i><i class=\"fa-fusion-box inactive-icon awb-icon-plus\" aria-hidden=\"true\"><\/i><\/span><span class=\"fusion-toggle-heading\">Zobrazit detaily:<\/span><\/a><\/h4><\/div><div id=\"c7b1b266269fb52ee\" class=\"panel-collapse collapse \" aria-labelledby=\"toggle_c7b1b266269fb52ee\"><div class=\"panel-body toggle-content fusion-clearfix\">\n<p><strong>Po\u017eadavky:<\/strong><\/p>\n<ul>\n<li>bydli\u0161t\u011b v&nbsp;t\u011bchto regionech (Praha, Brno a&nbsp;jeho okol\u00ed)<\/li>\n<li>nutn\u00e1 praxe elektro nebo klimatizace<\/li>\n<li>\u0158P skupiny B<\/li>\n<li>schopnost zvl\u00e1dat stresov\u00e9 situace<\/li>\n<li>schopnost rozhodov\u00e1n\u00ed<\/li>\n<li>aktivn\u00ed p\u0159\u00edstup<\/li>\n<li>dobr\u00e9 komunika\u010dn\u00ed a&nbsp;organiza\u010dn\u00ed schopnosti.<\/li>\n<\/ul>\n<p><strong>N\u00e1pl\u0148 pr\u00e1ce:<\/strong><\/p>\n<ul>\n<li>servis a&nbsp;opravy vzduchotechnick\u00fdch, klimatiza\u010dn\u00edch a&nbsp;chlad\u00edc\u00edch za\u0159\u00edzen\u00ed<\/li>\n<\/ul>\n<p><strong>M\u00edsto pr\u00e1ce:<\/strong><\/p>\n<ul>\n<li>Brno, Praha, cel\u00e1 \u010cR<\/li>\n<\/ul>\n<p><strong>Nab\u00edz\u00edme:<\/strong><\/p>\n<ul>\n<li>pr\u00e1ci v&nbsp;mlad\u00e9m kolektivu<\/li>\n<li>pracovn\u00ed smlouvu na dobu neur\u010ditou<\/li>\n<li>po zapracov\u00e1n\u00ed mo\u017enost slu\u017eebn\u00edho auta a&nbsp;telefonu i&nbsp;k&nbsp;soukrom\u00fdm \u00fa\u010del\u016fm<\/li>\n<li>nadstandardn\u00ed finan\u010dn\u00ed ohodnocen\u00ed &#8211; rozhoduj\u00edc\u00ed jsou kvalifikace a&nbsp;schopnosti technika<\/li>\n<li>karta MultiSport benefit<\/li>\n<li>n\u00e1stup dohodou (nejl\u00e9pe ihned)<\/li>\n<\/ul>\n<\/div><\/div><\/div><\/div><\/div><div class=\"fusion-title title fusion-title-2 fusion-sep-none fusion-title-text fusion-title-size-two\"><h2 class=\"fusion-title-heading title-heading-left\" style=\"margin:0;\">Mont\u00e9r vzduchotechniky<\/h2><\/div><div class=\"accordian fusion-accordian custom-toggle-kariera\" style=\"--awb-border-size:1px;--awb-icon-size:16px;--awb-content-font-size:var(--awb-typography4-font-size);--awb-icon-alignment:left;--awb-hover-color:var(--awb-color2);--awb-border-color:var(--awb-color3);--awb-background-color:var(--awb-color1);--awb-divider-color:rgba(0,0,0,0.25);--awb-divider-hover-color:var(--awb-color3);--awb-icon-color:var(--awb-color2);--awb-title-color:var(--awb-color8);--awb-content-color:var(--awb-color8);--awb-icon-box-color:var(--awb-color1);--awb-toggle-hover-accent-color:var(--awb-color2);--awb-toggle-active-accent-color:var(--awb-color1);--awb-title-font-family:var(--awb-typography1-font-family);--awb-title-font-weight:var(--awb-typography1-font-weight);--awb-title-font-style:var(--awb-typography1-font-style);--awb-title-font-size:24px;--awb-content-font-family:var(--awb-typography4-font-family);--awb-content-font-weight:var(--awb-typography4-font-weight);--awb-content-font-style:var(--awb-typography4-font-style);\"><div class=\"panel-group fusion-toggle-icon-boxed\" id=\"accordion-28-2\"><div class=\"fusion-panel panel-default panel-dd753a221a96cdc4b fusion-toggle-no-divider\" style=\"--awb-content-font-size:var(--awb-typography4-font-size);--awb-content-font-family:var(--awb-typography4-font-family);--awb-content-font-weight:var(--awb-typography4-font-weight);--awb-content-font-style:var(--awb-typography4-font-style);--awb-title-font-family:var(--awb-typography2-font-family);--awb-title-font-weight:var(--awb-typography2-font-weight);--awb-title-font-style:var(--awb-typography2-font-style);--awb-title-font-size:var(--awb-typography2-font-size);\"><div class=\"panel-heading\"><h4 class=\"panel-title toggle\" id=\"toggle_dd753a221a96cdc4b\"><a aria-expanded=\"false\" aria-controls=\"dd753a221a96cdc4b\" role=\"button\" data-toggle=\"collapse\" data-target=\"#dd753a221a96cdc4b\" href=\"#dd753a221a96cdc4b\"><span class=\"fusion-toggle-icon-wrapper\" aria-hidden=\"true\"><i class=\"fa-fusion-box active-icon awb-icon-minus\" aria-hidden=\"true\"><\/i><i class=\"fa-fusion-box inactive-icon awb-icon-plus\" aria-hidden=\"true\"><\/i><\/span><span class=\"fusion-toggle-heading\">Zobrazit detaily:<\/span><\/a><\/h4><\/div><div id=\"dd753a221a96cdc4b\" class=\"panel-collapse collapse \" aria-labelledby=\"toggle_dd753a221a96cdc4b\"><div class=\"panel-body toggle-content fusion-clearfix\">\n<p><strong>Po\u017eadavky:<\/strong><\/p>\n<ul>\n<li>bydli\u0161t\u011b v&nbsp;t\u011bchto regionech (Brno a&nbsp;jeho okol\u00ed)<\/li>\n<li>praxe elektro, klimatizace nebo vzduchotechnika v\u00fdhodou<\/li>\n<li>\u0158P skupiny B<\/li>\n<li>aktivn\u00ed p\u0159\u00edstup<\/li>\n<li>dobr\u00e9 komunika\u010dn\u00ed a&nbsp;organiza\u010dn\u00ed schopnosti.<\/li>\n<\/ul>\n<p><strong>N\u00e1pl\u0148 pr\u00e1ce:<\/strong><\/p>\n<ul>\n<li>mont\u00e1\u017ee vzduchotechnick\u00fdch za\u0159\u00edzen\u00ed<\/li>\n<\/ul>\n<p><strong>M\u00edsto pr\u00e1ce:<\/strong><\/p>\n<ul>\n<li>Brno a&nbsp;okol\u00ed, p\u0159\u00edpadn\u011b cel\u00e1 \u010cR<\/li>\n<\/ul>\n<p><strong>Nab\u00edz\u00edme:<\/strong><\/p>\n<ul>\n<li>pr\u00e1ci v&nbsp;mlad\u00e9m kolektivu<\/li>\n<li>pracovn\u00ed smlouvu na dobu neur\u010ditou<\/li>\n<li>po zapracov\u00e1n\u00ed mo\u017enost slu\u017eebn\u00edho auta a&nbsp;telefonu i&nbsp;k&nbsp;soukrom\u00fdm \u00fa\u010del\u016fm<\/li>\n<li>nadstandardn\u00ed finan\u010dn\u00ed ohodnocen\u00ed &#8211; rozhoduj\u00edc\u00ed jsou kvalifikace a&nbsp;schopnosti mont\u00e9ra<\/li>\n<li>karta MultiSport benefit<\/li>\n<li>n\u00e1stup dohodou (nejl\u00e9pe ihned)<\/li>\n<\/ul>\n<\/div><\/div><\/div><\/div><\/div><\/div><\/div><\/div><\/div>\n","protected":false},"excerpt":{"rendered":"","protected":false},"author":1,"featured_media":0,"parent":0,"menu_order":0,"comment_status":"closed","ping_status":"closed","template":"100-width.php","meta":{"_acf_changed":false,"footnotes":""},"class_list":["post-28","page","type-page","status-publish","hentry"],"acf":[],"yoast_head":"<!-- This site is optimized with the Yoast SEO plugin v26.3 - https:\/\/yoast.com\/wordpress\/plugins\/seo\/ -->\n<title>Kari\u00e9ra - Progresklima CZ s.r.o.<\/title>\n<meta name=\"robots\" content=\"index, follow, max-snippet:-1, max-image-preview:large, max-video-preview:-1\" \/>\n<link rel=\"canonical\" href=\"http:\/\/www.progresklima.cz\/?page_id=28\" \/>\n<meta property=\"og:locale\" content=\"cs_CZ\" \/>\n<meta property=\"og:type\" content=\"article\" \/>\n<meta property=\"og:title\" content=\"Kari\u00e9ra - Progresklima CZ s.r.o.\" \/>\n<meta property=\"og:url\" content=\"http:\/\/www.progresklima.cz\/?page_id=28\" \/>\n<meta property=\"og:site_name\" content=\"Progresklima CZ s.r.o.\" \/>\n<meta property=\"article:modified_time\" content=\"2023-08-10T10:16:42+00:00\" \/>\n<meta name=\"twitter:card\" content=\"summary_large_image\" \/>\n<meta name=\"twitter:label1\" content=\"Odhadovan\u00e1 doba \u010dten\u00ed\" \/>\n\t<meta name=\"twitter:data1\" content=\"4 minuty\" \/>\n<script type=\"application\/ld+json\" class=\"yoast-schema-graph\">{\"@context\":\"https:\/\/schema.org\",\"@graph\":[{\"@type\":\"WebPage\",\"@id\":\"http:\/\/www.progresklima.cz\/?page_id=28\",\"url\":\"http:\/\/www.progresklima.cz\/?page_id=28\",\"name\":\"Kari\u00e9ra - Progresklima CZ s.r.o.\",\"isPartOf\":{\"@id\":\"http:\/\/www.progresklima.cz\/#website\"},\"datePublished\":\"2022-05-09T12:39:57+00:00\",\"dateModified\":\"2023-08-10T10:16:42+00:00\",\"breadcrumb\":{\"@id\":\"http:\/\/www.progresklima.cz\/?page_id=28#breadcrumb\"},\"inLanguage\":\"cs\",\"potentialAction\":[{\"@type\":\"ReadAction\",\"target\":[\"http:\/\/www.progresklima.cz\/?page_id=28\"]}]},{\"@type\":\"BreadcrumbList\",\"@id\":\"http:\/\/www.progresklima.cz\/?page_id=28#breadcrumb\",\"itemListElement\":[{\"@type\":\"ListItem\",\"position\":1,\"name\":\"Home\",\"item\":\"http:\/\/www.progresklima.cz\/\"},{\"@type\":\"ListItem\",\"position\":2,\"name\":\"Kari\u00e9ra\"}]},{\"@type\":\"WebSite\",\"@id\":\"http:\/\/www.progresklima.cz\/#website\",\"url\":\"http:\/\/www.progresklima.cz\/\",\"name\":\"Progresklima CZ s.r.o.\",\"description\":\"Komplexn\u00ed slu\u017eby v oblasti vzduchotechniky a klimatizace. D\u00e1le se zam\u011b\u0159ujeme na tepeln\u00e1 \u010derpadla, servis, m\u011b\u0159en\u00ed a regulace ...\",\"potentialAction\":[{\"@type\":\"SearchAction\",\"target\":{\"@type\":\"EntryPoint\",\"urlTemplate\":\"http:\/\/www.progresklima.cz\/?s={search_term_string}\"},\"query-input\":{\"@type\":\"PropertyValueSpecification\",\"valueRequired\":true,\"valueName\":\"search_term_string\"}}],\"inLanguage\":\"cs\"}]}<\/script>\n<!-- \/ Yoast SEO plugin. -->","yoast_head_json":{"title":"Kari\u00e9ra - Progresklima CZ s.r.o.","robots":{"index":"index","follow":"follow","max-snippet":"max-snippet:-1","max-image-preview":"max-image-preview:large","max-video-preview":"max-video-preview:-1"},"canonical":"http:\/\/www.progresklima.cz\/?page_id=28","og_locale":"cs_CZ","og_type":"article","og_title":"Kari\u00e9ra - Progresklima CZ s.r.o.","og_url":"http:\/\/www.progresklima.cz\/?page_id=28","og_site_name":"Progresklima CZ s.r.o.","article_modified_time":"2023-08-10T10:16:42+00:00","twitter_card":"summary_large_image","twitter_misc":{"Odhadovan\u00e1 doba \u010dten\u00ed":"4 minuty"},"schema":{"@context":"https:\/\/schema.org","@graph":[{"@type":"WebPage","@id":"http:\/\/www.progresklima.cz\/?page_id=28","url":"http:\/\/www.progresklima.cz\/?page_id=28","name":"Kari\u00e9ra - Progresklima CZ s.r.o.","isPartOf":{"@id":"http:\/\/www.progresklima.cz\/#website"},"datePublished":"2022-05-09T12:39:57+00:00","dateModified":"2023-08-10T10:16:42+00:00","breadcrumb":{"@id":"http:\/\/www.progresklima.cz\/?page_id=28#breadcrumb"},"inLanguage":"cs","potentialAction":[{"@type":"ReadAction","target":["http:\/\/www.progresklima.cz\/?page_id=28"]}]},{"@type":"BreadcrumbList","@id":"http:\/\/www.progresklima.cz\/?page_id=28#breadcrumb","itemListElement":[{"@type":"ListItem","position":1,"name":"Home","item":"http:\/\/www.progresklima.cz\/"},{"@type":"ListItem","position":2,"name":"Kari\u00e9ra"}]},{"@type":"WebSite","@id":"http:\/\/www.progresklima.cz\/#website","url":"http:\/\/www.progresklima.cz\/","name":"Progresklima CZ s.r.o.","description":"Komplexn\u00ed slu\u017eby v oblasti vzduchotechniky a klimatizace. D\u00e1le se zam\u011b\u0159ujeme na tepeln\u00e1 \u010derpadla, servis, m\u011b\u0159en\u00ed a regulace ...","potentialAction":[{"@type":"SearchAction","target":{"@type":"EntryPoint","urlTemplate":"http:\/\/www.progresklima.cz\/?s={search_term_string}"},"query-input":{"@type":"PropertyValueSpecification","valueRequired":true,"valueName":"search_term_string"}}],"inLanguage":"cs"}]}},"_links":{"self":[{"href":"https:\/\/www.progresklima.cz\/index.php?rest_route=\/wp\/v2\/pages\/28","targetHints":{"allow":["GET"]}}],"collection":[{"href":"https:\/\/www.progresklima.cz\/index.php?rest_route=\/wp\/v2\/pages"}],"about":[{"href":"https:\/\/www.progresklima.cz\/index.php?rest_route=\/wp\/v2\/types\/page"}],"author":[{"embeddable":true,"href":"https:\/\/www.progresklima.cz\/index.php?rest_route=\/wp\/v2\/users\/1"}],"replies":[{"embeddable":true,"href":"https:\/\/www.progresklima.cz\/index.php?rest_route=%2Fwp%2Fv2%2Fcomments&post=28"}],"version-history":[{"count":14,"href":"https:\/\/www.progresklima.cz\/index.php?rest_route=\/wp\/v2\/pages\/28\/revisions"}],"predecessor-version":[{"id":713,"href":"https:\/\/www.progresklima.cz\/index.php?rest_route=\/wp\/v2\/pages\/28\/revisions\/713"}],"wp:attachment":[{"href":"https:\/\/www.progresklima.cz\/index.php?rest_route=%2Fwp%2Fv2%2Fmedia&parent=28"}],"curies":[{"name":"wp","href":"https:\/\/api.w.org\/{rel}","templated":true}]}}